{"id":64,"date":"2022-07-30T10:04:59","date_gmt":"2022-07-30T06:04:59","guid":{"rendered":"https:\/\/jsgauloise.fr\/?page_id=64"},"modified":"2024-11-07T12:48:22","modified_gmt":"2024-11-07T08:48:22","slug":"le-club","status":"publish","type":"page","link":"https:\/\/jsgauloise.fr\/?page_id=64","title":{"rendered":"Le club"},"content":{"rendered":"<h2 style=\"text-align: left;\"><img loading=\"lazy\" decoding=\"async\" class=\"wp-image-1016 size-full alignleft\" src=\"https:\/\/jsgauloise.fr\/wp-content\/uploads\/2022\/08\/logo-js-gauloise-petit.png\" alt=\"\" width=\"200\" height=\"200\" srcset=\"https:\/\/jsgauloise.fr\/wp-content\/uploads\/2022\/08\/logo-js-gauloise-petit.png 200w, https:\/\/jsgauloise.fr\/wp-content\/uploads\/2022\/08\/logo-js-gauloise-petit-150x150.png 150w\" sizes=\"(max-width: 200px) 100vw, 200px\" \/>Historique<\/h2>\n<p style=\"text-align: left;\">Le club de football de la JS Gauloise a \u00e9t\u00e9 cr\u00e9\u00e9 en 2015, suite \u00e0 la fermeture, en 2014, du club historique de la ville de Bras-Panon, la S.S. Gauloise. C&rsquo;est sous l&rsquo;impulsion de M. \u00ab\u00a0Gaby\u00a0\u00bb Ratenon et de Mme Caroline PITOU, vice pr\u00e9sident et pr\u00e9sidente de l&rsquo;\u00e9poque, que l&rsquo;association a vu le jour. Mais ce n&rsquo;est qu&rsquo;en 2016 que cette derni\u00e8re sera affili\u00e9e \u00e0 la Ligue R\u00e9unionnaise de Football. Avec l&rsquo;engagement des sections U13, Senior f\u00e9minine et V\u00e9t\u00e9rans. La section U15 sera rajout\u00e9e \u00e0 partir de 2017.<\/p>\n<p style=\"text-align: left;\">Apr\u00e8s une saison 2018 marqu\u00e9e par le titre de championne des f\u00e9minines en D2 et afin de redevenir le club phare de la ville de Bras-Panon, la JS GAULOISE d\u00e9cide d&rsquo;engager toutes les cat\u00e9gories \u00e0 partir de 2019. Aujourd\u2019hui, l\u2019association compte un peu plus de 200 licenci\u00e9s au sein de son effectif.<\/p>\n<p style=\"text-align: left;\">Pour mener \u00e0 bien ses actions, le club dispose des infrastructures mis \u00e0 disposition par la commune de Bras-Panon, le Stade Paul Moreau, le stade de Vincendo ainsi qu&rsquo;un club-house qui se trouve au-dessus des vestiaires du Stade Paul Moreau.<\/p>\n<figure id=\"attachment_148\" aria-describedby=\"caption-attachment-148\" style=\"width: 640px\" class=\"wp-caption aligncenter\"><a href=\"http:\/\/jsgauloise.fr\/wp-content\/uploads\/2022\/07\/photo-stade-2-scaled.jpg\"><img loading=\"lazy\" decoding=\"async\" class=\"wp-image-148 size-large\" src=\"http:\/\/jsgauloise.fr\/wp-content\/uploads\/2022\/07\/photo-stade-2-1024x678.jpg\" alt=\"Stade Paul Moreau\" width=\"640\" height=\"424\" srcset=\"https:\/\/jsgauloise.fr\/wp-content\/uploads\/2022\/07\/photo-stade-2-1024x678.jpg 1024w, https:\/\/jsgauloise.fr\/wp-content\/uploads\/2022\/07\/photo-stade-2-300x199.jpg 300w, https:\/\/jsgauloise.fr\/wp-content\/uploads\/2022\/07\/photo-stade-2-768x509.jpg 768w, https:\/\/jsgauloise.fr\/wp-content\/uploads\/2022\/07\/photo-stade-2-1536x1017.jpg 1536w, https:\/\/jsgauloise.fr\/wp-content\/uploads\/2022\/07\/photo-stade-2-2048x1356.jpg 2048w\" sizes=\"(max-width: 640px) 100vw, 640px\" \/><\/a><figcaption id=\"caption-attachment-148\" class=\"wp-caption-text\">Stade Paul Moreau<\/figcaption><\/figure>\n<p>Pr\u00e9sident actuel : David CHANE KAYE BONE (<a title=\"Organigramme\" href=\"https:\/\/jsgauloise.fr\/?page_id=6\">voir organigramme du club<\/a>)<\/p>\n<p>Anciens pr\u00e9sidents :<\/p>\n<p>&#8211; 2022 \u00e0 2024 : Fr\u00e9d\u00e9ric MOUNICHY<\/p>\n<p>&#8211; 2019 \u00e0 2021 : Jimmy CAZAL<\/p>\n<p>&#8211; 2015 \u00e0 2018 : Caroline PITOU<\/p>\n","protected":false},"excerpt":{"rendered":"<p>Historique Le club de football de la JS Gauloise a \u00e9t\u00e9 cr\u00e9\u00e9 en 2015, suite \u00e0 la fermeture, en 2014, du club historique de la ville de Bras-Panon, la S.S. [&hellip;]<\/p>\n","protected":false},"author":1,"featured_media":0,"parent":0,"menu_order":0,"comment_status":"closed","ping_status":"closed","template":"","meta":{"om_disable_all_campaigns":false,"_monsterinsights_skip_tracking":false,"_monsterinsights_sitenote_active":false,"_monsterinsights_sitenote_note":"","_monsterinsights_sitenote_category":0,"ngg_post_thumbnail":0,"footnotes":""},"aioseo_notices":[],"_links":{"self":[{"href":"https:\/\/jsgauloise.fr\/index.php?rest_route=\/wp\/v2\/pages\/64"}],"collection":[{"href":"https:\/\/jsgauloise.fr\/index.php?rest_route=\/wp\/v2\/pages"}],"about":[{"href":"https:\/\/jsgauloise.fr\/index.php?rest_route=\/wp\/v2\/types\/page"}],"author":[{"embeddable":true,"href":"https:\/\/jsgauloise.fr\/index.php?rest_route=\/wp\/v2\/users\/1"}],"replies":[{"embeddable":true,"href":"https:\/\/jsgauloise.fr\/index.php?rest_route=%2Fwp%2Fv2%2Fcomments&post=64"}],"version-history":[{"count":13,"href":"https:\/\/jsgauloise.fr\/index.php?rest_route=\/wp\/v2\/pages\/64\/revisions"}],"predecessor-version":[{"id":9395,"href":"https:\/\/jsgauloise.fr\/index.php?rest_route=\/wp\/v2\/pages\/64\/revisions\/9395"}],"wp:attachment":[{"href":"https:\/\/jsgauloise.fr\/index.php?rest_route=%2Fwp%2Fv2%2Fmedia&parent=64"}],"curies":[{"name":"wp","href":"https:\/\/api.w.org\/{rel}","templated":true}]}}